{"id":19,"date":"2014-02-20T17:27:35","date_gmt":"2014-02-20T17:27:35","guid":{"rendered":"http:\/\/www.mtacanada.com\/?page_id=19"},"modified":"2018-01-29T19:39:46","modified_gmt":"2018-01-29T19:39:46","slug":"membership","status":"publish","type":"page","link":"https:\/\/www.mtacanada.com\/fr\/home-page\/membership\/","title":{"rendered":"Adh\u00e9sion au MTAC"},"content":{"rendered":"<p><\/p>\n<h3>Cours en ligne<\/h3>\n<p>Les membres du MTAC sont davantage soutenus dans leur d\u00e9sir de rester au fait des nouvelles et des enjeux de l&rsquo;industrie gr\u00e2ce \u00e0 des possibilit\u00e9s de formation continue. Les membres ont acc\u00e8s \u00e0 une vaste gamme de modules de formation en ligne, et ont le droit de participer jusqu&rsquo;\u00e0 10 cours gratuits de Vu-Biz avec des programmes cibl\u00e9s dans des domaines tels que :<\/p>\n<ul>\n<li>Formation sur l&rsquo;accessibilit\u00e9<\/li>\n<li>La gestion<\/li>\n<li>Direction<\/li>\n<\/ul>\n<p>Pour plus d&rsquo;informations et une liste compl\u00e8te des cours en ligne disponibles, veuillez visiter <a href=\"http:\/\/mtaclearning.ca\/\" target=\"_blank\" rel=\"noopener\">http:\/\/mtaclearning.ca\/<\/a>.<\/p>\n<p>&nbsp;<\/p>\n<h3>Statistiques de l&rsquo;industrie<\/h3>\n<p>En 2015, le MTAC s&rsquo;est associ\u00e9 \u00e0 T\u00e9l\u00e9film Canada et \u00e0 Erm Research pour mener un sondage pancanadien sur les habitudes cin\u00e9matographiques des Canadiens. C&rsquo;est la premi\u00e8re fois qu&rsquo;une \u00e9tude de ce genre a \u00e9t\u00e9 entreprise au Canada. Les r\u00e9sultats ont \u00e9t\u00e9 pr\u00e9sent\u00e9s \u00e0 ShowCanada 2015 \u00e0 Qu\u00e9bec.<\/p>\n<p>\n<a href=\"wp-content\/themes\/mtac\/pageContent\/statistics_files\/CanadaMoviegoing_2015.pdf\" target=\"_blank\" rel=\"noopener\">Canadian Moviegoing Statistics &#8211; June 2015<\/a><br \/>\n<a href=\"wp-content\/themes\/mtac\/pageContent\/statistics_files\/REPORT_ShowCanada-ERm.pdf\" target=\"_blank\" rel=\"noopener\">Moviegoer Market Statistics &#8211; June 2015 &#8211; Canada<\/a><\/p>","protected":false},"excerpt":{"rendered":"<p>Cours en ligne Les membres du MTAC sont davantage soutenus dans leur d\u00e9sir de rester au fait des nouvelles et des enjeux de l&rsquo;industrie gr\u00e2ce \u00e0 des possibilit\u00e9s de formation continue. Les membres ont acc\u00e8s \u00e0 une vaste gamme de modules de formation en ligne, et ont le droit de participer jusqu&rsquo;\u00e0 10 cours gratuits [&hellip;]<\/p>\n","protected":false},"author":1,"featured_media":0,"parent":14,"menu_order":0,"comment_status":"open","ping_status":"open","template":"accordion.php","meta":[],"_links":{"self":[{"href":"https:\/\/www.mtacanada.com\/fr\/wp-json\/wp\/v2\/pages\/19"}],"collection":[{"href":"https:\/\/www.mtacanada.com\/fr\/wp-json\/wp\/v2\/pages"}],"about":[{"href":"https:\/\/www.mtacanada.com\/fr\/wp-json\/wp\/v2\/types\/page"}],"author":[{"embeddable":true,"href":"https:\/\/www.mtacanada.com\/fr\/wp-json\/wp\/v2\/users\/1"}],"replies":[{"embeddable":true,"href":"https:\/\/www.mtacanada.com\/fr\/wp-json\/wp\/v2\/comments?post=19"}],"version-history":[{"count":36,"href":"https:\/\/www.mtacanada.com\/fr\/wp-json\/wp\/v2\/pages\/19\/revisions"}],"predecessor-version":[{"id":496,"href":"https:\/\/www.mtacanada.com\/fr\/wp-json\/wp\/v2\/pages\/19\/revisions\/496"}],"up":[{"embeddable":true,"href":"https:\/\/www.mtacanada.com\/fr\/wp-json\/wp\/v2\/pages\/14"}],"wp:attachment":[{"href":"https:\/\/www.mtacanada.com\/fr\/wp-json\/wp\/v2\/media?parent=19"}],"curies":[{"name":"wp","href":"https:\/\/api.w.org\/{rel}","templated":true}]}}